{"id":4234,"date":"2026-04-21T08:56:13","date_gmt":"2026-04-21T08:56:13","guid":{"rendered":"https:\/\/smartemp.ro\/?page_id=4234"},"modified":"2026-04-21T10:57:11","modified_gmt":"2026-04-21T10:57:11","slug":"nota-de-informare-privind-prelucrarea-datelor-cu-caracter-personal-de-catre-smartemp","status":"publish","type":"page","link":"https:\/\/smartemp.ro\/en\/nota-de-informare-privind-prelucrarea-datelor-cu-caracter-personal-de-catre-smartemp\/","title":{"rendered":"Nota de informare prelucrarea datelor cu caracter personal"},"content":{"rendered":"<p><b> 1. Descrierea companiei<\/b><b><br \/>\n<\/b><b><br \/>\n<\/b><span style=\"font-weight: 400;\">Smartemp este compania cu peste 14 ani de experienta pe piata de leasing de personal\/munca temporara din Romania si are 11 ani de lucru cu multinationalele. Ofera solutii flexibile si personalizate, printr-o abordare orientata catre candidati si catre partenerii de business.<\/span><span style=\"font-weight: 400;\"><br \/>\n<\/span><span style=\"font-weight: 400;\">Echipa Smartemp furnizeaza personal calificat (din diverse zone de activitate, precum: resurse umane, financiar, IT&amp;C, IT help desk), administreaza documentele personalului, salarizarea si beneficiile.<\/span><\/p>\n<p><b>2. Identificarea surselor de colectare a datelor necesare recrutarii<\/b><\/p>\n<p><span style=\"font-weight: 400;\">In procesul de recrutare, urmatoarele informatii sunt necesare: <\/span><b>Nume\/ Prenume, domiciliu, nr. de telefon, adresa email, studii, calificari, atestate, experienta profesionala, limbi straine, cunostinte PC, permis auto.<\/b><span style=\"font-weight: 400;\"> Orice alta informatie ne furnizati si nu este necesara si va fi stearsa, in masura in care este posibil.<\/span><\/p>\n<p><span style=\"font-weight: 400;\">Puteti accesa platforma: <\/span><a href=\"https:\/\/cariere.smartemp.ro\"><span style=\"font-weight: 400;\">https:\/\/cariere.smartemp.ro\/<\/span><\/a><span style=\"font-weight: 400;\"> pentru a putea aplica la pozitia dorita.<\/span><\/p>\n<p><span style=\"font-weight: 400;\">In cazul in care ne transmiteti CV-ul, Smartemp obtine datele\/infomatiile direct de la dvs.<\/span><\/p>\n<p><span style=\"font-weight: 400;\">De asemenea, putem avea acces la datele dvs. prin deblocarea CV-urilor in platformele de recrutare de tip Bestjobs, eJobs, Hippo, etc.\u00a0<\/span><\/p>\n<p><span style=\"font-weight: 400;\">De asemenea, pe parcursul procesului de recrutare, in timpul interviului primim informatii directe atat de la dumneavoastra cat si\/sau de la fostul angajator (in masura in care sunt necesare aceste informatii) pe baza consimtamantului dumneavoastra.<\/span><\/p>\n<p><span style=\"font-weight: 400;\">Puteti obtine informatii privind datele prelucrate si puteti rectifica datele dumneavoastra printr-o solicitare scrisa catre adresa de email <\/span><span style=\"font-weight: 400;\">recrutare@smartemp.ro<\/span><span style=\"font-weight: 400;\">.<\/span><\/p>\n<p><b>3. Scopul si temeiul juridic al prelucrarii datelor<\/b><\/p>\n<p><span style=\"font-weight: 400;\">Datele furnizate sunt necesare pentru a identifica daca experienta dvs. profesionala si pregatirea educationala sunt potrivite pentru pozitia pentru care ati aplicat\/ati fost selectat. Avem interesul legitim sa prestam serviciile solicitate de clientii nostri si sa furnizam acestora potentiali candidati care sa corespunda profilului descris de acestia. De asemenea, ne dorim sa va propunem pozitii potrivite asteptarilor dumneavoastra.<\/span><\/p>\n<p><b>4. Durata prelucrarii<\/b><\/p>\n<p><span style=\"font-weight: 400;\">Datele dvs. sunt prelucrate pe toat\u0103 durata\u00a0 procesului de recrutare aferent postului pentru care ati aplicat.\u00a0 Dup\u0103 finalizarea acestui proces,\u00a0 <\/span><span style=\"font-weight: 400;\">cu acordul dvs. care va putea fi retras oric\u00e2nd, <\/span><span style=\"font-weight: 400;\">vom p\u0103stra\u00a0 datele personale din CV-ul dvs. in baza noastra de date de posibili candida\u021bi, pentru a va tine la curent cu viitoarele pozitii deschise care se potrivesc profilului dvs.<\/span><\/p>\n<p><span style=\"font-weight: 400;\">In masura in care nu ati aplicat in cadrul unui proces de recrutare, ci ne-ati transmis CV-ul pe adresa de recrutare\/am accesat datele dvs. pe platformele de recrutare, datele dumneavoastra vor fi introduse in baza de date Smartemp, urmand sa va contactam in momentul in care dorim sa va introducem intr-un proces anume de recrutare.<\/span><\/p>\n<p><span style=\"font-weight: 400;\">In oricare dintre situa\u021biile de mai sus\u00a0 vom pastra CV-ul dumneavoastra in baza de date pe o perioada de 5 ani de la momentul primirii acestuia. La implinirea acestui termen datele sunt sterse.<\/span><\/p>\n<p><span style=\"font-weight: 400;\">Precizam ca actualizam baza de date cu o frecventa de 5 ani, pentru a ne asigura ca detinem date corecte si complete.<\/span><\/p>\n<p><span style=\"font-weight: 400;\">In cazul in care nu doriti ca datele dvs. s\u0103 fie p\u0103strate \u00een baza noastr\u0103 de date, ne puteti trimite o solicitare de \u0219tergere a datelor\u00a0 prin e-mail, la adresa <\/span><span style=\"font-weight: 400;\">recrutare@smartemp.ro<\/span><span style=\"font-weight: 400;\">.<\/span><\/p>\n<p><span style=\"font-weight: 400;\">In aceasta situatie, vom sterge datele dvs, in conditii de securitate si nu veti primi de la noi informatii privind pozitiile vacante ce se potrivesc profilului dumneavoastra.<\/span><\/p>\n<p><b>5. Drepturi<\/b><\/p>\n<p><span style=\"font-weight: 400;\">La cererea dvs. scrisa, trimisa la adresa <\/span><a href=\"mailto:office@smartemp.ro\"><span style=\"font-weight: 400;\">office@smartemp.ro<\/span><\/a> <span style=\"font-weight: 400;\">va putem oferi, o data pe an, informatii privind datele dvs. pe care le prelucram. Ne rezervam dreptul de a percepe o taxa pentru orice solicitare suplimentara. De asemenea, in cazul in care constati ca datele dvs. sunt incomplete\/inexacte, puteti solicita rectificarea acestora printr-o solicitare<\/span> <span style=\"font-weight: 400;\">scrisa la adresa <\/span><span style=\"font-weight: 400;\">office@smartemp.ro<\/span><span style=\"font-weight: 400;\">.<\/span><\/p>\n<p><span style=\"font-weight: 400;\">Aveti, de asemenea, dreptul la stergerea datelor dvs. cu caracter personal, precum si dreptul de a ne solicita incetarea prelucrarii pe o durata determinata de timp precum si dreptul de a va opune prelucrarii datelor dvs. de catre <\/span><b>Smartemp.<\/b><span style=\"font-weight: 400;\"> In cazul in care ne comunicati faptul ca va opuneti prelucrarii, respectiv solicitati stergerea datelor, <\/span><b>Smartemp <\/b><span style=\"font-weight: 400;\">va inceta prelucrarea<\/span> <span style=\"font-weight: 400;\">si va sterge datele, in conditii de siguranta. Aveti, de asemenea, dreptul de a depune o plangere in fata unei autoritati de supraveghere &#8211; ANSPDCP &#8211; in Romania (<\/span><a href=\"http:\/\/dataprotection.ro\/\"><span style=\"font-weight: 400;\">dataprotection.ro<\/span><\/a><span style=\"font-weight: 400;\">), in cazul in care considerati ca drepturile dvs. au fost incalcate.<\/span><\/p>\n<p><b>6. Confidentialitate<\/b><\/p>\n<p><span style=\"font-weight: 400;\">Va asiguram ca datele dvs. se prelucreaza cu respectarea legii, in conditii de securitate si confidentialitate. Am adoptat toate masurile necesare, atat intern, si in ce priveste colaboratorii, pentru a asigura respectarea acestui principiu. Solicitam partenerilor nostri indeplinirea acelor<\/span><span style=\"font-weight: 400;\">l<\/span><span style=\"font-weight: 400;\">asi conditii de securitate si confidentialitate, in ce priveste datele personale. In cazul in care, in baza consimtamantului dvs. comunicam date tertilor, solicitam acestora respectarea cerintelor legale privind prelucrarea datelor cu caracter personal.<\/span><\/p>","protected":false},"excerpt":{"rendered":"<p>1. Descrierea companiei Smartemp este compania cu peste 14 ani de experienta pe piata de leasing de personal\/munca temporara din Romania si are 11 ani de lucru cu multinationalele. Ofera solutii flexibile si personalizate, printr-o abordare orientata catre candidati si catre partenerii de business. Echipa Smartemp furnizeaza personal calificat (din diverse zone de activitate, precum: [&hellip;]<\/p>","protected":false},"author":1,"featured_media":0,"parent":0,"menu_order":0,"comment_status":"closed","ping_status":"closed","template":"","meta":{"site-sidebar-layout":"default","site-content-layout":"","ast-site-content-layout":"default","site-content-style":"default","site-sidebar-style":"default","ast-global-header-display":"","ast-banner-title-visibility":"","ast-main-header-display":"","ast-hfb-above-header-display":"","ast-hfb-below-header-display":"","ast-hfb-mobile-header-display":"","site-post-title":"","ast-breadcrumbs-content":"","ast-featured-img":"","footer-sml-layout":"","theme-transparent-header-meta":"default","adv-header-id-meta":"","stick-header-meta":"","header-above-stick-meta":"","header-main-stick-meta":"","header-below-stick-meta":"","astra-migrate-meta-layouts":"set","ast-page-background-enabled":"default","ast-page-background-meta":{"desktop":{"background-color":"var(--ast-global-color-4)","background-image":"","background-repeat":"repeat","background-position":"center center","background-size":"auto","background-attachment":"scroll","background-type":"","background-media":"","overlay-type":"","overlay-color":"","overlay-opacity":"","overlay-gradient":""},"tablet":{"background-color":"","background-image":"","background-repeat":"repeat","background-position":"center center","background-size":"auto","background-attachment":"scroll","background-type":"","background-media":"","overlay-type":"","overlay-color":"","overlay-opacity":"","overlay-gradient":""},"mobile":{"background-color":"","background-image":"","background-repeat":"repeat","background-position":"center center","background-size":"auto","background-attachment":"scroll","background-type":"","background-media":"","overlay-type":"","overlay-color":"","overlay-opacity":"","overlay-gradient":""}},"ast-content-background-meta":{"desktop":{"background-color":"var(--ast-global-color-5)","background-image":"","background-repeat":"repeat","background-position":"center center","background-size":"auto","background-attachment":"scroll","background-type":"","background-media":"","overlay-type":"","overlay-color":"","overlay-opacity":"","overlay-gradient":""},"tablet":{"background-color":"var(--ast-global-color-5)","background-image":"","background-repeat":"repeat","background-position":"center center","background-size":"auto","background-attachment":"scroll","background-type":"","background-media":"","overlay-type":"","overlay-color":"","overlay-opacity":"","overlay-gradient":""},"mobile":{"background-color":"var(--ast-global-color-5)","background-image":"","background-repeat":"repeat","background-position":"center center","background-size":"auto","background-attachment":"scroll","background-type":"","background-media":"","overlay-type":"","overlay-color":"","overlay-opacity":"","overlay-gradient":""}},"footnotes":""},"class_list":["post-4234","page","type-page","status-publish","hentry"],"yoast_head":"<!-- This site is optimized with the Yoast SEO plugin v25.1 - https:\/\/yoast.com\/wordpress\/plugins\/seo\/ -->\n<title>Nota de informare prelucrarea datelor cu caracter personal - Smartemp<\/title>\n<meta name=\"robots\" content=\"index, follow, max-snippet:-1, max-image-preview:large, max-video-preview:-1\" \/>\n<link rel=\"canonical\" href=\"https:\/\/smartemp.ro\/en\/nota-de-informare-privind-prelucrarea-datelor-cu-caracter-personal-de-catre-smartemp\/\" \/>\n<meta property=\"og:locale\" content=\"en_US\" \/>\n<meta property=\"og:type\" content=\"article\" \/>\n<meta property=\"og:title\" content=\"Nota de informare prelucrarea datelor cu caracter personal - Smartemp\" \/>\n<meta property=\"og:description\" content=\"1. Descrierea companiei Smartemp este compania cu peste 14 ani de experienta pe piata de leasing de personal\/munca temporara din Romania si are 11 ani de lucru cu multinationalele. Ofera solutii flexibile si personalizate, printr-o abordare orientata catre candidati si catre partenerii de business. Echipa Smartemp furnizeaza personal calificat (din diverse zone de activitate, precum: [&hellip;]\" \/>\n<meta property=\"og:url\" content=\"https:\/\/smartemp.ro\/en\/nota-de-informare-privind-prelucrarea-datelor-cu-caracter-personal-de-catre-smartemp\/\" \/>\n<meta property=\"og:site_name\" content=\"Smartemp\" \/>\n<meta property=\"article:publisher\" content=\"https:\/\/www.facebook.com\/people\/Smartemp-Romnia\/61566734789415\/\" \/>\n<meta property=\"article:modified_time\" content=\"2026-04-21T10:57:11+00:00\" \/>\n<meta property=\"og:image\" content=\"https:\/\/smartemp.ro\/wp-content\/uploads\/2024\/01\/imagine-smartemp-00013.jpg\" \/>\n\t<meta property=\"og:image:width\" content=\"1920\" \/>\n\t<meta property=\"og:image:height\" content=\"1280\" \/>\n\t<meta property=\"og:image:type\" content=\"image\/jpeg\" \/>\n<meta name=\"twitter:card\" content=\"summary_large_image\" \/>\n<meta name=\"twitter:label1\" content=\"Est. reading time\" \/>\n\t<meta name=\"twitter:data1\" content=\"4 minutes\" \/>\n<script type=\"application\/ld+json\" class=\"yoast-schema-graph\">{\"@context\":\"https:\/\/schema.org\",\"@graph\":[{\"@type\":\"WebPage\",\"@id\":\"https:\/\/smartemp.ro\/nota-de-informare-privind-prelucrarea-datelor-cu-caracter-personal-de-catre-smartemp\/\",\"url\":\"https:\/\/smartemp.ro\/nota-de-informare-privind-prelucrarea-datelor-cu-caracter-personal-de-catre-smartemp\/\",\"name\":\"Nota de informare prelucrarea datelor cu caracter personal - Smartemp\",\"isPartOf\":{\"@id\":\"https:\/\/smartemp.ro\/#website\"},\"datePublished\":\"2026-04-21T08:56:13+00:00\",\"dateModified\":\"2026-04-21T10:57:11+00:00\",\"breadcrumb\":{\"@id\":\"https:\/\/smartemp.ro\/nota-de-informare-privind-prelucrarea-datelor-cu-caracter-personal-de-catre-smartemp\/#breadcrumb\"},\"inLanguage\":\"en-US\",\"potentialAction\":[{\"@type\":\"ReadAction\",\"target\":[\"https:\/\/smartemp.ro\/nota-de-informare-privind-prelucrarea-datelor-cu-caracter-personal-de-catre-smartemp\/\"]}]},{\"@type\":\"BreadcrumbList\",\"@id\":\"https:\/\/smartemp.ro\/nota-de-informare-privind-prelucrarea-datelor-cu-caracter-personal-de-catre-smartemp\/#breadcrumb\",\"itemListElement\":[{\"@type\":\"ListItem\",\"position\":1,\"name\":\"Home\",\"item\":\"https:\/\/smartemp.ro\/\"},{\"@type\":\"ListItem\",\"position\":2,\"name\":\"Nota de informare prelucrarea datelor cu caracter personal\"}]},{\"@type\":\"WebSite\",\"@id\":\"https:\/\/smartemp.ro\/#website\",\"url\":\"https:\/\/smartemp.ro\/\",\"name\":\"Smartemp\",\"description\":\"Servicii de leasing de personal integrate cu software HCM\",\"publisher\":{\"@id\":\"https:\/\/smartemp.ro\/#organization\"},\"potentialAction\":[{\"@type\":\"SearchAction\",\"target\":{\"@type\":\"EntryPoint\",\"urlTemplate\":\"https:\/\/smartemp.ro\/?s={search_term_string}\"},\"query-input\":{\"@type\":\"PropertyValueSpecification\",\"valueRequired\":true,\"valueName\":\"search_term_string\"}}],\"inLanguage\":\"en-US\"},{\"@type\":\"Organization\",\"@id\":\"https:\/\/smartemp.ro\/#organization\",\"name\":\"Smartemp\",\"url\":\"https:\/\/smartemp.ro\/\",\"logo\":{\"@type\":\"ImageObject\",\"inLanguage\":\"en-US\",\"@id\":\"https:\/\/smartemp.ro\/#\/schema\/logo\/image\/\",\"url\":\"https:\/\/smartemp.ro\/wp-content\/uploads\/2023\/11\/logoSmarTemp1_negru.png\",\"contentUrl\":\"https:\/\/smartemp.ro\/wp-content\/uploads\/2023\/11\/logoSmarTemp1_negru.png\",\"width\":785,\"height\":624,\"caption\":\"Smartemp\"},\"image\":{\"@id\":\"https:\/\/smartemp.ro\/#\/schema\/logo\/image\/\"},\"sameAs\":[\"https:\/\/www.facebook.com\/people\/Smartemp-Romnia\/61566734789415\/\",\"https:\/\/www.linkedin.com\/company\/smartemp-romania\/\",\"https:\/\/www.instagram.com\/smartemp_romania\/\"]}]}<\/script>\n<!-- \/ Yoast SEO plugin. -->","yoast_head_json":{"title":"Nota de informare prelucrarea datelor cu caracter personal - Smartemp","robots":{"index":"index","follow":"follow","max-snippet":"max-snippet:-1","max-image-preview":"max-image-preview:large","max-video-preview":"max-video-preview:-1"},"canonical":"https:\/\/smartemp.ro\/en\/nota-de-informare-privind-prelucrarea-datelor-cu-caracter-personal-de-catre-smartemp\/","og_locale":"en_US","og_type":"article","og_title":"Nota de informare prelucrarea datelor cu caracter personal - Smartemp","og_description":"1. Descrierea companiei Smartemp este compania cu peste 14 ani de experienta pe piata de leasing de personal\/munca temporara din Romania si are 11 ani de lucru cu multinationalele. Ofera solutii flexibile si personalizate, printr-o abordare orientata catre candidati si catre partenerii de business. Echipa Smartemp furnizeaza personal calificat (din diverse zone de activitate, precum: [&hellip;]","og_url":"https:\/\/smartemp.ro\/en\/nota-de-informare-privind-prelucrarea-datelor-cu-caracter-personal-de-catre-smartemp\/","og_site_name":"Smartemp","article_publisher":"https:\/\/www.facebook.com\/people\/Smartemp-Romnia\/61566734789415\/","article_modified_time":"2026-04-21T10:57:11+00:00","og_image":[{"width":1920,"height":1280,"url":"https:\/\/smartemp.ro\/wp-content\/uploads\/2024\/01\/imagine-smartemp-00013.jpg","type":"image\/jpeg"}],"twitter_card":"summary_large_image","twitter_misc":{"Est. reading time":"4 minutes"},"schema":{"@context":"https:\/\/schema.org","@graph":[{"@type":"WebPage","@id":"https:\/\/smartemp.ro\/nota-de-informare-privind-prelucrarea-datelor-cu-caracter-personal-de-catre-smartemp\/","url":"https:\/\/smartemp.ro\/nota-de-informare-privind-prelucrarea-datelor-cu-caracter-personal-de-catre-smartemp\/","name":"Nota de informare prelucrarea datelor cu caracter personal - Smartemp","isPartOf":{"@id":"https:\/\/smartemp.ro\/#website"},"datePublished":"2026-04-21T08:56:13+00:00","dateModified":"2026-04-21T10:57:11+00:00","breadcrumb":{"@id":"https:\/\/smartemp.ro\/nota-de-informare-privind-prelucrarea-datelor-cu-caracter-personal-de-catre-smartemp\/#breadcrumb"},"inLanguage":"en-US","potentialAction":[{"@type":"ReadAction","target":["https:\/\/smartemp.ro\/nota-de-informare-privind-prelucrarea-datelor-cu-caracter-personal-de-catre-smartemp\/"]}]},{"@type":"BreadcrumbList","@id":"https:\/\/smartemp.ro\/nota-de-informare-privind-prelucrarea-datelor-cu-caracter-personal-de-catre-smartemp\/#breadcrumb","itemListElement":[{"@type":"ListItem","position":1,"name":"Home","item":"https:\/\/smartemp.ro\/"},{"@type":"ListItem","position":2,"name":"Nota de informare prelucrarea datelor cu caracter personal"}]},{"@type":"WebSite","@id":"https:\/\/smartemp.ro\/#website","url":"https:\/\/smartemp.ro\/","name":"Smartemp","description":"Servicii de leasing de personal integrate cu software HCM","publisher":{"@id":"https:\/\/smartemp.ro\/#organization"},"potentialAction":[{"@type":"SearchAction","target":{"@type":"EntryPoint","urlTemplate":"https:\/\/smartemp.ro\/?s={search_term_string}"},"query-input":{"@type":"PropertyValueSpecification","valueRequired":true,"valueName":"search_term_string"}}],"inLanguage":"en-US"},{"@type":"Organization","@id":"https:\/\/smartemp.ro\/#organization","name":"Smartemp","url":"https:\/\/smartemp.ro\/","logo":{"@type":"ImageObject","inLanguage":"en-US","@id":"https:\/\/smartemp.ro\/#\/schema\/logo\/image\/","url":"https:\/\/smartemp.ro\/wp-content\/uploads\/2023\/11\/logoSmarTemp1_negru.png","contentUrl":"https:\/\/smartemp.ro\/wp-content\/uploads\/2023\/11\/logoSmarTemp1_negru.png","width":785,"height":624,"caption":"Smartemp"},"image":{"@id":"https:\/\/smartemp.ro\/#\/schema\/logo\/image\/"},"sameAs":["https:\/\/www.facebook.com\/people\/Smartemp-Romnia\/61566734789415\/","https:\/\/www.linkedin.com\/company\/smartemp-romania\/","https:\/\/www.instagram.com\/smartemp_romania\/"]}]}},"_links":{"self":[{"href":"https:\/\/smartemp.ro\/en\/wp-json\/wp\/v2\/pages\/4234","targetHints":{"allow":["GET"]}}],"collection":[{"href":"https:\/\/smartemp.ro\/en\/wp-json\/wp\/v2\/pages"}],"about":[{"href":"https:\/\/smartemp.ro\/en\/wp-json\/wp\/v2\/types\/page"}],"author":[{"embeddable":true,"href":"https:\/\/smartemp.ro\/en\/wp-json\/wp\/v2\/users\/1"}],"replies":[{"embeddable":true,"href":"https:\/\/smartemp.ro\/en\/wp-json\/wp\/v2\/comments?post=4234"}],"version-history":[{"count":4,"href":"https:\/\/smartemp.ro\/en\/wp-json\/wp\/v2\/pages\/4234\/revisions"}],"predecessor-version":[{"id":4240,"href":"https:\/\/smartemp.ro\/en\/wp-json\/wp\/v2\/pages\/4234\/revisions\/4240"}],"wp:attachment":[{"href":"https:\/\/smartemp.ro\/en\/wp-json\/wp\/v2\/media?parent=4234"}],"curies":[{"name":"wp","href":"https:\/\/api.w.org\/{rel}","templated":true}]}}